{"id":775,"date":"2020-03-08T20:06:56","date_gmt":"2020-03-08T20:06:56","guid":{"rendered":"http:\/\/blog.liebe-voll-leben.com\/?page_id=775"},"modified":"2020-03-08T20:06:56","modified_gmt":"2020-03-08T20:06:56","slug":"impressum","status":"publish","type":"page","link":"https:\/\/liebe-voll-leben.com\/?page_id=775","title":{"rendered":"Impressum"},"content":{"rendered":"\n<div class=\"wp-container-1 wp-block-group\"><div class=\"wp-block-group__inner-container\">\n<p>Anne Nitzsche Praxis f\u00fcr systemische Beratung<\/p>\n\n\n\n<p>Salzunger Str. 32b<\/p>\n\n\n\n<p>98590 Ro\u00dfdorf<\/p>\n<\/div><\/div>\n\n\n\n<p><strong>Kontakt:<\/strong><\/p>\n\n\n<p>contact-form-7 id=&#8220;721&#8243; title=&#8220;Kontaktformular 1<\/p>\n\n\n\n<h3>Inhaltlich Verantwortlicher gem\u00e4\u00df \u00a75TMG:<\/h3>\n\n\n\n<p>Anne Nitzsche<\/p>\n\n\n\n<h3>Haftung f\u00fcr Inhalte:<\/h3>\n\n\n\n<p>Die Inhalte meiner Seite wurde mit gr\u00f6\u00dfter Sorgfalt und bestem Gewissen erstellt. F\u00fcr die Richtigkeit, Vollst\u00e4ndigkeit und Aktualit\u00e4t der bereitgestellten Inhalte kann jedoch keine Gew\u00e4hr \u00fcbernommen werden. Als Dienstanbieter sind wir gem\u00e4\u00df \u00a77 Abs. 1 TMG f\u00fcr eigene Inhalte auf diesen Seiten nach den allgemeinen Gesetzen verantwortlich. Nach \u00a7 8-10 TMG sind wir als Dienstanbieter jedoch nicht verpflichtet \u00fcbermittelte oder gespeicherte fremde Informationen zu \u00fcberwachen oder nach Umst\u00e4nden zu forschen, die auf eine rechtswidrige T\u00e4tigkeit hinweisen. Verpflichtungen zur Entfernung oder Sperrung der Nutzung von Informationen nach den allgemeinen Gesetzen bleiben hiervon unber\u00fchrt. Eine diesbez\u00fcgliche Haftung ist jedoch erst ab dem Zeitpunkt der Kenntnis einer konkreten Rechtsverletzung m\u00f6glich. Bei Bekannt werden von entsprechenden Rechtsverletzungen werden entsprechende Inhalte und Links umgehend entfernt.<\/p>\n\n\n\n<h3>Haftung f\u00fcr Links:<\/h3>\n\n\n\n<p>Unser Angebot enth\u00e4lt Links zu externen Webseiten Dritter. Auf deren Inhalte haben wir keinen Einfluss und \u00fcbernehmen aus diesem Grunde auch daf\u00fcr keine Gew\u00e4hr. F\u00fcr die Inhalte der verlinkten Seiten ist stets der jeweilige Anbieter oder Betreiber selbst verantwortlich. Die verlinkten Seiten, werden zum Zeitpunkt der Verlinkung auf Rechtswidrigkeit \u00fcberpr\u00fcft. Eine permanente inhaltliche Kontrolle der verlinkten Seite ist jedoch ohne konkrete Anhaltspunkte einer Rechtsverletzung nicht zumutbar. Bei Bekanntwerden von Rechtsverletzungen werden wir derartige Links sofort entfernen.<\/p>\n\n\n\n<h3>Urheberrecht<\/h3>\n\n\n\n<p>Die auf der Webseite ver\u00f6ffentlichten Inhalte. Fotografien, Werke und bereitgestellten Informationen unterliegen dem deutschen Urheberrecht. Die Vervielf\u00e4ltigung. Bearbeitung, Verbreitung und jede Art der Verwertung au\u00dferhalb der Grenzen des Urheberrechtes bed\u00fcrfen der schriftlichen Zustimmung des jeweiligen Autors bzw. Erstellers. Downloads und Kopien der Seite sind nur f\u00fcr den privaten, nicht f\u00fcr den kommerziellen Gebrauch gestattet. Soweit die Inhalte auf dieser Seite nicht vom Betreiber erstellt wurden, werden die Urheberrechte Dritter beachtet. Insbesondere werden Inhalte Dritter als Solche gekennzeichnet. Sollten Sie trotzdem auf eine Urheberrechtsverletzung aufmerksam werden, bitten wir um einen entsprechenden Hinweis. Bei Bekanntwerden von Rechtsverletzungen, werden wir umgehend derartige Inhalte entfernen. <\/p>\n","protected":false},"excerpt":{"rendered":"<p>Anne Nitzsche Praxis f\u00fcr systemische Beratung Salzunger Str. 32b 98590 Ro\u00dfdorf Kontakt: Inhaltlich Verantwortlicher gem\u00e4\u00df \u00a75TMG: Anne Nitzsche Haftung f\u00fcr Inhalte: Die Inhalte meiner Seite wurde mit gr\u00f6\u00dfter Sorgfalt und bestem Gewissen erstellt. F\u00fcr die Richtigkeit, Vollst\u00e4ndigkeit und Aktualit\u00e4t der bereitgestellten Inhalte kann jedoch keine Gew\u00e4hr \u00fcbernommen werden. Als Dienstanbieter sind wir gem\u00e4\u00df \u00a77 Abs. 1 TMG f\u00fcr eigene Inhalte auf diesen Seiten nach den allgemeinen Gesetzen verantwortlich. Nach \u00a7 8-10 TMG sind wir als Dienstanbieter jedoch nicht verpflichtet \u00fcbermittelte oder gespeicherte fremde Informationen zu \u00fcberwachen oder nach Umst\u00e4nden zu forschen, die auf eine rechtswidrige T\u00e4tigkeit hinweisen. Verpflichtungen zur Entfernung oder Sperrung der Nutzung von Informationen nach den allgemeinen Gesetzen bleiben hiervon unber\u00fchrt. Eine diesbez\u00fcgliche Haftung ist jedoch erst ab dem Zeitpunkt der Kenntnis einer konkreten Rechtsverletzung m\u00f6glich. Bei Bekannt werden von entsprechenden Rechtsverletzungen werden entsprechende Inhalte und Links umgehend entfernt. Haftung f\u00fcr Links: Unser Angebot enth\u00e4lt Links zu externen Webseiten Dritter. Auf deren Inhalte haben wir keinen Einfluss und \u00fcbernehmen aus diesem Grunde auch daf\u00fcr keine Gew\u00e4hr. F\u00fcr die Inhalte der verlinkten Seiten ist stets der jeweilige Anbieter oder Betreiber selbst verantwortlich. Die verlinkten Seiten, werden zum Zeitpunkt der Verlinkung auf Rechtswidrigkeit \u00fcberpr\u00fcft. Eine permanente inhaltliche Kontrolle der verlinkten Seite ist jedoch ohne konkrete Anhaltspunkte einer Rechtsverletzung nicht zumutbar. Bei Bekanntwerden von Rechtsverletzungen werden wir derartige Links sofort entfernen. Urheberrecht Die auf der Webseite ver\u00f6ffentlichten Inhalte. Fotografien, Werke und bereitgestellten Informationen unterliegen dem deutschen Urheberrecht. Die Vervielf\u00e4ltigung. Bearbeitung, Verbreitung und jede Art der Verwertung au\u00dferhalb der Grenzen des Urheberrechtes bed\u00fcrfen der schriftlichen Zustimmung des jeweiligen Autors bzw. Erstellers. Downloads und Kopien der Seite sind nur f\u00fcr den privaten, nicht f\u00fcr den kommerziellen Gebrauch gestattet. Soweit die Inhalte auf dieser Seite nicht vom Betreiber erstellt wurden, werden die Urheberrechte Dritter beachtet. Insbesondere werden Inhalte Dritter als Solche gekennzeichnet. Sollten Sie trotzdem auf eine Urheberrechtsverletzung aufmerksam werden, bitten wir um einen entsprechenden Hinweis. Bei Bekanntwerden von Rechtsverletzungen, werden wir umgehend derartige Inhalte entfernen.<\/p>\n","protected":false},"author":1,"featured_media":0,"parent":0,"menu_order":0,"comment_status":"closed","ping_status":"closed","template":"","meta":[],"yoast_head":"<!-- This site is optimized with the Yoast SEO plugin v15.9.2 - https:\/\/yoast.com\/wordpress\/plugins\/seo\/ -->\n<title>Impressum - Liebe Voll Leben<\/title>\n<link rel=\"canonical\" href=\"https:\/\/liebe-voll-leben.com\/?page_id=775\" \/>\n<meta property=\"og:locale\" content=\"de_DE\" \/>\n<meta property=\"og:type\" content=\"article\" \/>\n<meta property=\"og:title\" content=\"Impressum - Liebe Voll Leben\" \/>\n<meta property=\"og:description\" content=\"Anne Nitzsche Praxis f\u00fcr systemische Beratung Salzunger Str. 32b 98590 Ro\u00dfdorf Kontakt: Inhaltlich Verantwortlicher gem\u00e4\u00df \u00a75TMG: Anne Nitzsche Haftung f\u00fcr Inhalte: Die Inhalte meiner Seite wurde mit gr\u00f6\u00dfter Sorgfalt und bestem Gewissen erstellt. F\u00fcr die Richtigkeit, Vollst\u00e4ndigkeit und Aktualit\u00e4t der bereitgestellten Inhalte kann jedoch keine Gew\u00e4hr \u00fcbernommen werden. Als Dienstanbieter sind wir gem\u00e4\u00df \u00a77 Abs. 1 TMG f\u00fcr eigene Inhalte auf diesen Seiten nach den allgemeinen Gesetzen verantwortlich. Nach \u00a7 8-10 TMG sind wir als Dienstanbieter jedoch nicht verpflichtet \u00fcbermittelte oder gespeicherte fremde Informationen zu \u00fcberwachen oder nach Umst\u00e4nden zu forschen, die auf eine rechtswidrige T\u00e4tigkeit hinweisen. Verpflichtungen zur Entfernung oder Sperrung der Nutzung von Informationen nach den allgemeinen Gesetzen bleiben hiervon unber\u00fchrt. Eine diesbez\u00fcgliche Haftung ist jedoch erst ab dem Zeitpunkt der Kenntnis einer konkreten Rechtsverletzung m\u00f6glich. Bei Bekannt werden von entsprechenden Rechtsverletzungen werden entsprechende Inhalte und Links umgehend entfernt. Haftung f\u00fcr Links: Unser Angebot enth\u00e4lt Links zu externen Webseiten Dritter. Auf deren Inhalte haben wir keinen Einfluss und \u00fcbernehmen aus diesem Grunde auch daf\u00fcr keine Gew\u00e4hr. F\u00fcr die Inhalte der verlinkten Seiten ist stets der jeweilige Anbieter oder Betreiber selbst verantwortlich. Die verlinkten Seiten, werden zum Zeitpunkt der Verlinkung auf Rechtswidrigkeit \u00fcberpr\u00fcft. Eine permanente inhaltliche Kontrolle der verlinkten Seite ist jedoch ohne konkrete Anhaltspunkte einer Rechtsverletzung nicht zumutbar. Bei Bekanntwerden von Rechtsverletzungen werden wir derartige Links sofort entfernen. Urheberrecht Die auf der Webseite ver\u00f6ffentlichten Inhalte. Fotografien, Werke und bereitgestellten Informationen unterliegen dem deutschen Urheberrecht. Die Vervielf\u00e4ltigung. Bearbeitung, Verbreitung und jede Art der Verwertung au\u00dferhalb der Grenzen des Urheberrechtes bed\u00fcrfen der schriftlichen Zustimmung des jeweiligen Autors bzw. Erstellers. Downloads und Kopien der Seite sind nur f\u00fcr den privaten, nicht f\u00fcr den kommerziellen Gebrauch gestattet. Soweit die Inhalte auf dieser Seite nicht vom Betreiber erstellt wurden, werden die Urheberrechte Dritter beachtet. Insbesondere werden Inhalte Dritter als Solche gekennzeichnet. Sollten Sie trotzdem auf eine Urheberrechtsverletzung aufmerksam werden, bitten wir um einen entsprechenden Hinweis. Bei Bekanntwerden von Rechtsverletzungen, werden wir umgehend derartige Inhalte entfernen.\" \/>\n<meta property=\"og:url\" content=\"https:\/\/liebe-voll-leben.com\/?page_id=775\" \/>\n<meta property=\"og:site_name\" content=\"Liebe Voll Leben\" \/>\n<meta name=\"twitter:card\" content=\"summary_large_image\" \/>\n<meta name=\"twitter:label1\" content=\"Gesch\u00e4tzte Lesezeit\">\n\t<meta name=\"twitter:data1\" content=\"2\u00a0Minuten\">\n<script type=\"application\/ld+json\" class=\"yoast-schema-graph\">{\"@context\":\"https:\/\/schema.org\",\"@graph\":[{\"@type\":\"WebSite\",\"@id\":\"https:\/\/liebe-voll-leben.com\/#website\",\"url\":\"https:\/\/liebe-voll-leben.com\/\",\"name\":\"Liebe Voll Leben\",\"description\":\"In die eigene Kraft kommen und die Liebe maximieren\",\"potentialAction\":[{\"@type\":\"SearchAction\",\"target\":\"https:\/\/liebe-voll-leben.com\/?s={search_term_string}\",\"query-input\":\"required name=search_term_string\"}],\"inLanguage\":\"de\"},{\"@type\":\"WebPage\",\"@id\":\"https:\/\/liebe-voll-leben.com\/?page_id=775#webpage\",\"url\":\"https:\/\/liebe-voll-leben.com\/?page_id=775\",\"name\":\"Impressum - Liebe Voll Leben\",\"isPartOf\":{\"@id\":\"https:\/\/liebe-voll-leben.com\/#website\"},\"datePublished\":\"2020-03-08T20:06:56+00:00\",\"dateModified\":\"2020-03-08T20:06:56+00:00\",\"breadcrumb\":{\"@id\":\"https:\/\/liebe-voll-leben.com\/?page_id=775#breadcrumb\"},\"inLanguage\":\"de\",\"potentialAction\":[{\"@type\":\"ReadAction\",\"target\":[\"https:\/\/liebe-voll-leben.com\/?page_id=775\"]}]},{\"@type\":\"BreadcrumbList\",\"@id\":\"https:\/\/liebe-voll-leben.com\/?page_id=775#breadcrumb\",\"itemListElement\":[{\"@type\":\"ListItem\",\"position\":1,\"item\":{\"@type\":\"WebPage\",\"@id\":\"https:\/\/liebe-voll-leben.com\/\",\"url\":\"https:\/\/liebe-voll-leben.com\/\",\"name\":\"Startseite\"}},{\"@type\":\"ListItem\",\"position\":2,\"item\":{\"@type\":\"WebPage\",\"@id\":\"https:\/\/liebe-voll-leben.com\/?page_id=775\",\"url\":\"https:\/\/liebe-voll-leben.com\/?page_id=775\",\"name\":\"Impressum\"}}]}]}<\/script>\n<!-- \/ Yoast SEO plugin. -->","_links":{"self":[{"href":"https:\/\/liebe-voll-leben.com\/index.php?rest_route=\/wp\/v2\/pages\/775"}],"collection":[{"href":"https:\/\/liebe-voll-leben.com\/index.php?rest_route=\/wp\/v2\/pages"}],"about":[{"href":"https:\/\/liebe-voll-leben.com\/index.php?rest_route=\/wp\/v2\/types\/page"}],"author":[{"embeddable":true,"href":"https:\/\/liebe-voll-leben.com\/index.php?rest_route=\/wp\/v2\/users\/1"}],"replies":[{"embeddable":true,"href":"https:\/\/liebe-voll-leben.com\/index.php?rest_route=%2Fwp%2Fv2%2Fcomments&post=775"}],"version-history":[{"count":2,"href":"https:\/\/liebe-voll-leben.com\/index.php?rest_route=\/wp\/v2\/pages\/775\/revisions"}],"predecessor-version":[{"id":779,"href":"https:\/\/liebe-voll-leben.com\/index.php?rest_route=\/wp\/v2\/pages\/775\/revisions\/779"}],"wp:attachment":[{"href":"https:\/\/liebe-voll-leben.com\/index.php?rest_route=%2Fwp%2Fv2%2Fmedia&parent=775"}],"curies":[{"name":"wp","href":"https:\/\/api.w.org\/{rel}","templated":true}]}}