{"id":16,"date":"2017-08-02T12:31:55","date_gmt":"2017-08-02T12:31:55","guid":{"rendered":"http:\/\/wp-royal.com\/themes\/ashe-free\/?page_id=16"},"modified":"2020-03-09T11:56:41","modified_gmt":"2020-03-09T11:56:41","slug":"contact","status":"publish","type":"page","link":"https:\/\/liebe-voll-leben.com\/?page_id=16","title":{"rendered":"Contact"},"content":{"rendered":"<p>F\u00fcr R\u00fcckfragen und Terminvereinbarungen k\u00f6nnt ihr mich hier erreichen.<\/p>\n<hr \/>\n<div role=\"form\" class=\"wpcf7\" id=\"wpcf7-f721-o1\" lang=\"de-DE\" dir=\"ltr\">\n<div class=\"screen-reader-response\"><p role=\"status\" aria-live=\"polite\" aria-atomic=\"true\"><\/p> <ul><\/ul><\/div>\n<form action=\"\/index.php?rest_route=%2Fwp%2Fv2%2Fpages%2F16#wpcf7-f721-o1\" method=\"post\" class=\"wpcf7-form init\" novalidate=\"novalidate\" data-status=\"init\">\n<div style=\"display: none;\">\n<input type=\"hidden\" name=\"_wpcf7\" value=\"721\" \/>\n<input type=\"hidden\" name=\"_wpcf7_version\" value=\"5.4\" \/>\n<input type=\"hidden\" name=\"_wpcf7_locale\" value=\"de_DE\" \/>\n<input type=\"hidden\" name=\"_wpcf7_unit_tag\" value=\"wpcf7-f721-o1\" \/>\n<input type=\"hidden\" name=\"_wpcf7_container_post\" value=\"0\" \/>\n<input type=\"hidden\" name=\"_wpcf7_posted_data_hash\" value=\"\" \/>\n<input type=\"hidden\" name=\"_wpcf7_recaptcha_response\" value=\"\" \/>\n<\/div>\n<p><label> Dein Name (Pflichtfeld)<br \/>\n    <span class=\"wpcf7-form-control-wrap your-name\"><input type=\"text\" name=\"your-name\" value=\"\" size=\"40\" class=\"wpcf7-form-control wpcf7-text wpcf7-validates-as-required\" aria-required=\"true\" aria-invalid=\"false\" \/><\/span> <\/label><\/p>\n<p><label> Deine E-Mail-Adresse (Pflichtfeld)<br \/>\n    <span class=\"wpcf7-form-control-wrap your-email\"><input type=\"email\" name=\"your-email\" value=\"\" size=\"40\" class=\"wpcf7-form-control wpcf7-text wpcf7-email wpcf7-validates-as-required wpcf7-validates-as-email\" aria-required=\"true\" aria-invalid=\"false\" \/><\/span> <\/label><\/p>\n<p><label> Betreff<br \/>\n    <span class=\"wpcf7-form-control-wrap your-subject\"><input type=\"text\" name=\"your-subject\" value=\"\" size=\"40\" class=\"wpcf7-form-control wpcf7-text\" aria-invalid=\"false\" \/><\/span> <\/label><\/p>\n<p><label> Deine Nachricht<br \/>\n    <span class=\"wpcf7-form-control-wrap your-message\"><textarea name=\"your-message\" cols=\"40\" rows=\"10\" class=\"wpcf7-form-control wpcf7-textarea\" aria-invalid=\"false\"><\/textarea><\/span> <\/label><\/p>\n<p><input type=\"submit\" value=\"Senden\" class=\"wpcf7-form-control wpcf7-submit\" \/><\/p>\n<div class=\"wpcf7-response-output\" aria-hidden=\"true\"><\/div><\/form><\/div>\n<p><strong>Email:<\/strong>\u00a0 \u00a0 \u00a0 annenitzsche@freenet.de \u00a0 \u00a0 \u00a0 \u00a0 \u00a0 \u00a0 \u00a0 \u00a0 \u00a0 \u00a0 \u00a0 \u00a0 \u00a0 \u00a0 \u00a0 \u00a0 \u00a0 \u00a0 \u00a0 \u00a0 \u00a0 \u00a0 \u00a0 \u00a0 \u00a0 \u00a0 \u00a0 \u00a0 \u00a0 \u00a0 \u00a0 \u00a0 \u00a0 \u00a0 \u00a0 \u00a0 \u00a0<strong>Web:<\/strong>\u00a0 \u00a0 \u00a0 \u00a0 \u00a0http:\/\/liebe-voll-leben.com \u00a0 \u00a0 \u00a0 \u00a0 \u00a0 \u00a0 \u00a0 \u00a0 \u00a0 \u00a0 \u00a0 \u00a0 \u00a0 \u00a0 \u00a0 \u00a0 \u00a0 \u00a0 \u00a0 \u00a0 \u00a0 \u00a0 \u00a0 \u00a0 \u00a0 \u00a0 \u00a0 \u00a0 \u00a0 \u00a0 \u00a0 \u00a0 \u00a0 \u00a0 \u00a0 \u00a0 \u00a0\u00a0<strong>Phone:<\/strong>\u00a0 \u00a0 \u00a0+49 173 8044060 \u00a0 \u00a0 \u00a0 \u00a0 \u00a0 \u00a0 \u00a0 \u00a0 \u00a0 \u00a0 \u00a0 \u00a0 \u00a0 \u00a0 \u00a0 \u00a0 \u00a0 \u00a0 \u00a0 \u00a0 \u00a0 \u00a0 \u00a0 \u00a0 \u00a0 \u00a0 \u00a0 \u00a0 \u00a0 \u00a0 \u00a0 \u00a0 \u00a0 \u00a0 \u00a0 \u00a0 \u00a0 \u00a0 \u00a0 \u00a0 <strong>Address:<\/strong>\u00a0 Salzunger Str. 32b 98590 Ro\u00dfdorf<\/p>\n<ul style=\"padding-left: 0;\">\n<li style=\"list-style-type: none;\"><\/li>\n<\/ul>\n<p>[wpgmza id=&#8220;1&#8243;]<\/p>\n<hr \/>\n[contact-form-7 404 \"Nicht gefunden\"]\n","protected":false},"excerpt":{"rendered":"<p>F\u00fcr R\u00fcckfragen und Terminvereinbarungen k\u00f6nnt ihr mich hier erreichen. Email:\u00a0 \u00a0 \u00a0 annenitzsche@freenet.de \u00a0 \u00a0 \u00a0 \u00a0 \u00a0 \u00a0 \u00a0 \u00a0 \u00a0 \u00a0 \u00a0 \u00a0 \u00a0 \u00a0 \u00a0 \u00a0 \u00a0 \u00a0 \u00a0 \u00a0 \u00a0 \u00a0 \u00a0 \u00a0 \u00a0 \u00a0 \u00a0 \u00a0 \u00a0 \u00a0 \u00a0 \u00a0 \u00a0 \u00a0 \u00a0 \u00a0 \u00a0Web:\u00a0 \u00a0 \u00a0 \u00a0 \u00a0http:\/\/liebe-voll-leben.com \u00a0 \u00a0 \u00a0 \u00a0 \u00a0 \u00a0 \u00a0 \u00a0 \u00a0 \u00a0 \u00a0 \u00a0 \u00a0 \u00a0 \u00a0 \u00a0 \u00a0 \u00a0 \u00a0 \u00a0 \u00a0 \u00a0 \u00a0 \u00a0 \u00a0 \u00a0 \u00a0 \u00a0 \u00a0 \u00a0 \u00a0 \u00a0 \u00a0 \u00a0 \u00a0 \u00a0 \u00a0\u00a0Phone:\u00a0 \u00a0 \u00a0+49 173 8044060 \u00a0 \u00a0 \u00a0 \u00a0 \u00a0 \u00a0 \u00a0 \u00a0 \u00a0 \u00a0 \u00a0 \u00a0 \u00a0 \u00a0 \u00a0 \u00a0 \u00a0 \u00a0 \u00a0 \u00a0 \u00a0 \u00a0 \u00a0 \u00a0 \u00a0 \u00a0 \u00a0 \u00a0 \u00a0 \u00a0 \u00a0 \u00a0 \u00a0 \u00a0 \u00a0 \u00a0 \u00a0 \u00a0 \u00a0 \u00a0 Address:\u00a0 Salzunger Str. 32b 98590 Ro\u00dfdorf [wpgmza id=&#8220;1&#8243;]<\/p>\n","protected":false},"author":1,"featured_media":79,"parent":0,"menu_order":0,"comment_status":"closed","ping_status":"closed","template":"","meta":[],"yoast_head":"<!-- This site is optimized with the Yoast SEO plugin v15.9.2 - https:\/\/yoast.com\/wordpress\/plugins\/seo\/ -->\n<title>Contact - Liebe Voll Leben<\/title>\n<link rel=\"canonical\" href=\"https:\/\/liebe-voll-leben.com\/?page_id=16\" \/>\n<meta property=\"og:locale\" content=\"de_DE\" \/>\n<meta property=\"og:type\" content=\"article\" \/>\n<meta property=\"og:title\" content=\"Contact - Liebe Voll Leben\" \/>\n<meta property=\"og:description\" content=\"F\u00fcr R\u00fcckfragen und Terminvereinbarungen k\u00f6nnt ihr mich hier erreichen. Email:\u00a0 \u00a0 \u00a0 annenitzsche@freenet.de \u00a0 \u00a0 \u00a0 \u00a0 \u00a0 \u00a0 \u00a0 \u00a0 \u00a0 \u00a0 \u00a0 \u00a0 \u00a0 \u00a0 \u00a0 \u00a0 \u00a0 \u00a0 \u00a0 \u00a0 \u00a0 \u00a0 \u00a0 \u00a0 \u00a0 \u00a0 \u00a0 \u00a0 \u00a0 \u00a0 \u00a0 \u00a0 \u00a0 \u00a0 \u00a0 \u00a0 \u00a0Web:\u00a0 \u00a0 \u00a0 \u00a0 \u00a0http:\/\/liebe-voll-leben.com \u00a0 \u00a0 \u00a0 \u00a0 \u00a0 \u00a0 \u00a0 \u00a0 \u00a0 \u00a0 \u00a0 \u00a0 \u00a0 \u00a0 \u00a0 \u00a0 \u00a0 \u00a0 \u00a0 \u00a0 \u00a0 \u00a0 \u00a0 \u00a0 \u00a0 \u00a0 \u00a0 \u00a0 \u00a0 \u00a0 \u00a0 \u00a0 \u00a0 \u00a0 \u00a0 \u00a0 \u00a0\u00a0Phone:\u00a0 \u00a0 \u00a0+49 173 8044060 \u00a0 \u00a0 \u00a0 \u00a0 \u00a0 \u00a0 \u00a0 \u00a0 \u00a0 \u00a0 \u00a0 \u00a0 \u00a0 \u00a0 \u00a0 \u00a0 \u00a0 \u00a0 \u00a0 \u00a0 \u00a0 \u00a0 \u00a0 \u00a0 \u00a0 \u00a0 \u00a0 \u00a0 \u00a0 \u00a0 \u00a0 \u00a0 \u00a0 \u00a0 \u00a0 \u00a0 \u00a0 \u00a0 \u00a0 \u00a0 Address:\u00a0 Salzunger Str. 32b 98590 Ro\u00dfdorf [wpgmza id=&#8220;1&#8243;]\" \/>\n<meta property=\"og:url\" content=\"https:\/\/liebe-voll-leben.com\/?page_id=16\" \/>\n<meta property=\"og:site_name\" content=\"Liebe Voll Leben\" \/>\n<meta property=\"article:modified_time\" content=\"2020-03-09T11:56:41+00:00\" \/>\n<meta name=\"twitter:card\" content=\"summary_large_image\" \/>\n<script type=\"application\/ld+json\" class=\"yoast-schema-graph\">{\"@context\":\"https:\/\/schema.org\",\"@graph\":[{\"@type\":\"WebSite\",\"@id\":\"https:\/\/liebe-voll-leben.com\/#website\",\"url\":\"https:\/\/liebe-voll-leben.com\/\",\"name\":\"Liebe Voll Leben\",\"description\":\"In die eigene Kraft kommen und die Liebe maximieren\",\"potentialAction\":[{\"@type\":\"SearchAction\",\"target\":\"https:\/\/liebe-voll-leben.com\/?s={search_term_string}\",\"query-input\":\"required name=search_term_string\"}],\"inLanguage\":\"de\"},{\"@type\":\"ImageObject\",\"@id\":\"https:\/\/liebe-voll-leben.com\/?page_id=16#primaryimage\",\"inLanguage\":\"de\",\"url\":\"\"},{\"@type\":\"WebPage\",\"@id\":\"https:\/\/liebe-voll-leben.com\/?page_id=16#webpage\",\"url\":\"https:\/\/liebe-voll-leben.com\/?page_id=16\",\"name\":\"Contact - Liebe Voll Leben\",\"isPartOf\":{\"@id\":\"https:\/\/liebe-voll-leben.com\/#website\"},\"primaryImageOfPage\":{\"@id\":\"https:\/\/liebe-voll-leben.com\/?page_id=16#primaryimage\"},\"datePublished\":\"2017-08-02T12:31:55+00:00\",\"dateModified\":\"2020-03-09T11:56:41+00:00\",\"breadcrumb\":{\"@id\":\"https:\/\/liebe-voll-leben.com\/?page_id=16#breadcrumb\"},\"inLanguage\":\"de\",\"potentialAction\":[{\"@type\":\"ReadAction\",\"target\":[\"https:\/\/liebe-voll-leben.com\/?page_id=16\"]}]},{\"@type\":\"BreadcrumbList\",\"@id\":\"https:\/\/liebe-voll-leben.com\/?page_id=16#breadcrumb\",\"itemListElement\":[{\"@type\":\"ListItem\",\"position\":1,\"item\":{\"@type\":\"WebPage\",\"@id\":\"https:\/\/liebe-voll-leben.com\/\",\"url\":\"https:\/\/liebe-voll-leben.com\/\",\"name\":\"Startseite\"}},{\"@type\":\"ListItem\",\"position\":2,\"item\":{\"@type\":\"WebPage\",\"@id\":\"https:\/\/liebe-voll-leben.com\/?page_id=16\",\"url\":\"https:\/\/liebe-voll-leben.com\/?page_id=16\",\"name\":\"Contact\"}}]}]}<\/script>\n<!-- \/ Yoast SEO plugin. -->","_links":{"self":[{"href":"https:\/\/liebe-voll-leben.com\/index.php?rest_route=\/wp\/v2\/pages\/16"}],"collection":[{"href":"https:\/\/liebe-voll-leben.com\/index.php?rest_route=\/wp\/v2\/pages"}],"about":[{"href":"https:\/\/liebe-voll-leben.com\/index.php?rest_route=\/wp\/v2\/types\/page"}],"author":[{"embeddable":true,"href":"https:\/\/liebe-voll-leben.com\/index.php?rest_route=\/wp\/v2\/users\/1"}],"replies":[{"embeddable":true,"href":"https:\/\/liebe-voll-leben.com\/index.php?rest_route=%2Fwp%2Fv2%2Fcomments&post=16"}],"version-history":[{"count":7,"href":"https:\/\/liebe-voll-leben.com\/index.php?rest_route=\/wp\/v2\/pages\/16\/revisions"}],"predecessor-version":[{"id":810,"href":"https:\/\/liebe-voll-leben.com\/index.php?rest_route=\/wp\/v2\/pages\/16\/revisions\/810"}],"wp:featuredmedia":[{"embeddable":true,"href":"https:\/\/liebe-voll-leben.com\/index.php?rest_route=\/"}],"wp:attachment":[{"href":"https:\/\/liebe-voll-leben.com\/index.php?rest_route=%2Fwp%2Fv2%2Fmedia&parent=16"}],"curies":[{"name":"wp","href":"https:\/\/api.w.org\/{rel}","templated":true}]}}